{"id":2381,"date":"2020-05-11T10:05:47","date_gmt":"2020-05-11T10:05:47","guid":{"rendered":"https:\/\/www.solcar.fb-app.hu\/?post_type=product&#038;p=2381"},"modified":"2021-12-10T12:51:27","modified_gmt":"2021-12-10T12:51:27","slug":"charging-cord-type-1","status":"publish","type":"product","link":"https:\/\/solcar.hu\/en\/product\/charging-cord-type-1\/","title":{"rendered":"Charging Cord Type 1"},"content":{"rendered":"<p>Dicta sunt explicabo. Nemo enim ipsam voluptatem voluptas sit odit aut fugit, sed quia consequuntur. Lorem ipsum dolor. Aquia sit amet, elitr, sed diam nonum eirmod tempor invidunt labore et dolore magna aliquyam.erat, sed diam voluptua. At vero accusam et justo duo dolores et ea rebum. Stet clitain vidunt ut labore eirmod tempor invidunt magna aliquyam.<\/p>","protected":false},"excerpt":{"rendered":"<p>Dicta sunt explicabo. Nemo enim ipsam voluptatem voluptas sit odit aut fugit, sed quia consequuntur. Lorem ipsum dolor. Aquia sit amet, elitr, sed diam nonum eirmod tempor invidunt labore et dolore.<\/p>\n<p>At vero accusam et justo duo dolores et ea rebum. Stet clitain vidunt ut labore eirmod tempor invidunt magna aliquyam.<\/p>","protected":false},"featured_media":0,"comment_status":"open","ping_status":"closed","template":"","meta":[],"product_cat":[74],"product_tag":[78],"class_list":["post-2381","product","type-product","status-publish","hentry","product_cat-harger","product_tag-nature"],"yoast_head":"<!-- This site is optimized with the Yoast SEO plugin v27.3 - https:\/\/yoast.com\/product\/yoast-seo-wordpress\/ -->\n<title>Charging Cord Type 1 - SolCar - Haszn\u00e1laut\u00f3 keresked\u00e9s Szegeden<\/title>\n<meta name=\"robots\" content=\"index, follow, max-snippet:-1, max-image-preview:large, max-video-preview:-1\" \/>\n<link rel=\"canonical\" href=\"https:\/\/solcar.hu\/en\/product\/charging-cord-type-1\/\" \/>\n<meta property=\"og:locale\" content=\"en_US\" \/>\n<meta property=\"og:type\" content=\"article\" \/>\n<meta property=\"og:title\" content=\"Charging Cord Type 1 - SolCar - Haszn\u00e1laut\u00f3 keresked\u00e9s Szegeden\" \/>\n<meta property=\"og:description\" content=\"Dicta sunt explicabo. Nemo enim ipsam voluptatem voluptas sit odit aut fugit, sed quia consequuntur. Lorem ipsum dolor. Aquia sit amet, elitr, sed diam nonum eirmod tempor invidunt labore et dolore. At vero accusam et justo duo dolores et ea rebum. Stet clitain vidunt ut labore eirmod tempor invidunt magna aliquyam.\" \/>\n<meta property=\"og:url\" content=\"https:\/\/solcar.hu\/en\/product\/charging-cord-type-1\/\" \/>\n<meta property=\"og:site_name\" content=\"SolCar - Haszn\u00e1laut\u00f3 keresked\u00e9s Szegeden\" \/>\n<meta property=\"article:modified_time\" content=\"2021-12-10T12:51:27+00:00\" \/>\n<meta name=\"twitter:card\" content=\"summary_large_image\" \/>\n<script type=\"application\/ld+json\" class=\"yoast-schema-graph\">{\"@context\":\"https:\\\/\\\/schema.org\",\"@graph\":[{\"@type\":\"WebPage\",\"@id\":\"https:\\\/\\\/solcar.hu\\\/termek\\\/charging-cord-type-1\\\/\",\"url\":\"https:\\\/\\\/solcar.hu\\\/termek\\\/charging-cord-type-1\\\/\",\"name\":\"Charging Cord Type 1 - SolCar - Haszn\u00e1laut\u00f3 keresked\u00e9s Szegeden\",\"isPartOf\":{\"@id\":\"https:\\\/\\\/solcar.hu\\\/#website\"},\"datePublished\":\"2020-05-11T10:05:47+00:00\",\"dateModified\":\"2021-12-10T12:51:27+00:00\",\"breadcrumb\":{\"@id\":\"https:\\\/\\\/solcar.hu\\\/termek\\\/charging-cord-type-1\\\/#breadcrumb\"},\"inLanguage\":\"en-US\",\"potentialAction\":[{\"@type\":\"ReadAction\",\"target\":[\"https:\\\/\\\/solcar.hu\\\/termek\\\/charging-cord-type-1\\\/\"]}]},{\"@type\":\"BreadcrumbList\",\"@id\":\"https:\\\/\\\/solcar.hu\\\/termek\\\/charging-cord-type-1\\\/#breadcrumb\",\"itemListElement\":[{\"@type\":\"ListItem\",\"position\":1,\"name\":\"Kezd\u0151lap\",\"item\":\"https:\\\/\\\/solcar.hu\\\/\"},{\"@type\":\"ListItem\",\"position\":2,\"name\":\"Shop\",\"item\":\"https:\\\/\\\/solcar.hu\\\/de\\\/shop\\\/\"},{\"@type\":\"ListItem\",\"position\":3,\"name\":\"Charging Cord Type 1\"}]},{\"@type\":\"WebSite\",\"@id\":\"https:\\\/\\\/solcar.hu\\\/#website\",\"url\":\"https:\\\/\\\/solcar.hu\\\/\",\"name\":\"SolCar - Haszn\u00e1laut\u00f3 keresked\u00e9s Szegeden\",\"description\":\"Pr\u00e9mium aut\u00f3k flottakezel\u00e9se,  elad\u00e1sa \u00e9s b\u00e9rbead\u00e1sa...\",\"publisher\":{\"@id\":\"https:\\\/\\\/solcar.hu\\\/#organization\"},\"potentialAction\":[{\"@type\":\"SearchAction\",\"target\":{\"@type\":\"EntryPoint\",\"urlTemplate\":\"https:\\\/\\\/solcar.hu\\\/?s={search_term_string}\"},\"query-input\":{\"@type\":\"PropertyValueSpecification\",\"valueRequired\":true,\"valueName\":\"search_term_string\"}}],\"inLanguage\":\"en-US\"},{\"@type\":\"Organization\",\"@id\":\"https:\\\/\\\/solcar.hu\\\/#organization\",\"name\":\"SolCar - Haszn\u00e1laut\u00f3 keresked\u00e9s Szegeden\",\"url\":\"https:\\\/\\\/solcar.hu\\\/\",\"logo\":{\"@type\":\"ImageObject\",\"inLanguage\":\"en-US\",\"@id\":\"https:\\\/\\\/solcar.hu\\\/#\\\/schema\\\/logo\\\/image\\\/\",\"url\":\"https:\\\/\\\/solcar.hu\\\/wp-content\\\/uploads\\\/2022\\\/06\\\/cropped-cropped-logo-orange.png\",\"contentUrl\":\"https:\\\/\\\/solcar.hu\\\/wp-content\\\/uploads\\\/2022\\\/06\\\/cropped-cropped-logo-orange.png\",\"width\":112,\"height\":27,\"caption\":\"SolCar - Haszn\u00e1laut\u00f3 keresked\u00e9s Szegeden\"},\"image\":{\"@id\":\"https:\\\/\\\/solcar.hu\\\/#\\\/schema\\\/logo\\\/image\\\/\"}}]}<\/script>\n<!-- \/ Yoast SEO plugin. -->","yoast_head_json":{"title":"Charging Cord Type 1 - SolCar - Haszn\u00e1laut\u00f3 keresked\u00e9s Szegeden","robots":{"index":"index","follow":"follow","max-snippet":"max-snippet:-1","max-image-preview":"max-image-preview:large","max-video-preview":"max-video-preview:-1"},"canonical":"https:\/\/solcar.hu\/en\/product\/charging-cord-type-1\/","og_locale":"en_US","og_type":"article","og_title":"Charging Cord Type 1 - SolCar - Haszn\u00e1laut\u00f3 keresked\u00e9s Szegeden","og_description":"Dicta sunt explicabo. Nemo enim ipsam voluptatem voluptas sit odit aut fugit, sed quia consequuntur. Lorem ipsum dolor. Aquia sit amet, elitr, sed diam nonum eirmod tempor invidunt labore et dolore. At vero accusam et justo duo dolores et ea rebum. Stet clitain vidunt ut labore eirmod tempor invidunt magna aliquyam.","og_url":"https:\/\/solcar.hu\/en\/product\/charging-cord-type-1\/","og_site_name":"SolCar - Haszn\u00e1laut\u00f3 keresked\u00e9s Szegeden","article_modified_time":"2021-12-10T12:51:27+00:00","twitter_card":"summary_large_image","schema":{"@context":"https:\/\/schema.org","@graph":[{"@type":"WebPage","@id":"https:\/\/solcar.hu\/termek\/charging-cord-type-1\/","url":"https:\/\/solcar.hu\/termek\/charging-cord-type-1\/","name":"Charging Cord Type 1 - SolCar - Haszn\u00e1laut\u00f3 keresked\u00e9s Szegeden","isPartOf":{"@id":"https:\/\/solcar.hu\/#website"},"datePublished":"2020-05-11T10:05:47+00:00","dateModified":"2021-12-10T12:51:27+00:00","breadcrumb":{"@id":"https:\/\/solcar.hu\/termek\/charging-cord-type-1\/#breadcrumb"},"inLanguage":"en-US","potentialAction":[{"@type":"ReadAction","target":["https:\/\/solcar.hu\/termek\/charging-cord-type-1\/"]}]},{"@type":"BreadcrumbList","@id":"https:\/\/solcar.hu\/termek\/charging-cord-type-1\/#breadcrumb","itemListElement":[{"@type":"ListItem","position":1,"name":"Kezd\u0151lap","item":"https:\/\/solcar.hu\/"},{"@type":"ListItem","position":2,"name":"Shop","item":"https:\/\/solcar.hu\/de\/shop\/"},{"@type":"ListItem","position":3,"name":"Charging Cord Type 1"}]},{"@type":"WebSite","@id":"https:\/\/solcar.hu\/#website","url":"https:\/\/solcar.hu\/","name":"SolCar - Haszn\u00e1laut\u00f3 keresked\u00e9s Szegeden","description":"Pr\u00e9mium aut\u00f3k flottakezel\u00e9se,  elad\u00e1sa \u00e9s b\u00e9rbead\u00e1sa...","publisher":{"@id":"https:\/\/solcar.hu\/#organization"},"potentialAction":[{"@type":"SearchAction","target":{"@type":"EntryPoint","urlTemplate":"https:\/\/solcar.hu\/?s={search_term_string}"},"query-input":{"@type":"PropertyValueSpecification","valueRequired":true,"valueName":"search_term_string"}}],"inLanguage":"en-US"},{"@type":"Organization","@id":"https:\/\/solcar.hu\/#organization","name":"SolCar - Haszn\u00e1laut\u00f3 keresked\u00e9s Szegeden","url":"https:\/\/solcar.hu\/","logo":{"@type":"ImageObject","inLanguage":"en-US","@id":"https:\/\/solcar.hu\/#\/schema\/logo\/image\/","url":"https:\/\/solcar.hu\/wp-content\/uploads\/2022\/06\/cropped-cropped-logo-orange.png","contentUrl":"https:\/\/solcar.hu\/wp-content\/uploads\/2022\/06\/cropped-cropped-logo-orange.png","width":112,"height":27,"caption":"SolCar - Haszn\u00e1laut\u00f3 keresked\u00e9s Szegeden"},"image":{"@id":"https:\/\/solcar.hu\/#\/schema\/logo\/image\/"}}]}},"_links":{"self":[{"href":"https:\/\/solcar.hu\/en\/wp-json\/wp\/v2\/product\/2381","targetHints":{"allow":["GET"]}}],"collection":[{"href":"https:\/\/solcar.hu\/en\/wp-json\/wp\/v2\/product"}],"about":[{"href":"https:\/\/solcar.hu\/en\/wp-json\/wp\/v2\/types\/product"}],"replies":[{"embeddable":true,"href":"https:\/\/solcar.hu\/en\/wp-json\/wp\/v2\/comments?post=2381"}],"wp:attachment":[{"href":"https:\/\/solcar.hu\/en\/wp-json\/wp\/v2\/media?parent=2381"}],"wp:term":[{"taxonomy":"product_cat","embeddable":true,"href":"https:\/\/solcar.hu\/en\/wp-json\/wp\/v2\/product_cat?post=2381"},{"taxonomy":"product_tag","embeddable":true,"href":"https:\/\/solcar.hu\/en\/wp-json\/wp\/v2\/product_tag?post=2381"}],"curies":[{"name":"wp","href":"https:\/\/api.w.org\/{rel}","templated":true}]}}