{"id":6130,"date":"2020-12-18T05:05:13","date_gmt":"2020-12-18T05:05:13","guid":{"rendered":"https:\/\/www.solcar.fb-app.hu\/?page_id=6130"},"modified":"2021-12-10T12:42:12","modified_gmt":"2021-12-10T12:42:12","slug":"wishlist-page","status":"publish","type":"page","link":"https:\/\/solcar.hu\/en\/wishlist-page\/","title":{"rendered":"Wishlist Page"},"content":{"rendered":"<div class=\"tinv-wishlist woocommerce tinv-wishlist-clear\">\r\n\t<div class=\"tinv-header\">\r\n\t<h2>Default wishlist<\/h2>\r\n\t<\/div>\r\n\t\t<p class=\"cart-empty woocommerce-info\">\r\n\t\t\t\t\tYour Wishlist is currently empty.\t\t\t<\/p>\r\n\r\n\t\r\n\t<p class=\"return-to-shop\">\r\n\t\t<a class=\"button wc-backward\"\r\n\t\t   href=\"https:\/\/solcar.hu\/en\/shop\/\">Return To Shop<\/a>\r\n\t<\/p>\r\n<\/div>","protected":false},"excerpt":{"rendered":"","protected":false},"author":1,"featured_media":0,"parent":0,"menu_order":0,"comment_status":"closed","ping_status":"closed","template":"","meta":{"footnotes":""},"class_list":["post-6130","page","type-page","status-publish","hentry"],"yoast_head":"<!-- This site is optimized with the Yoast SEO plugin v27.3 - https:\/\/yoast.com\/product\/yoast-seo-wordpress\/ -->\n<title>Wishlist Page - SolCar - Haszn\u00e1laut\u00f3 keresked\u00e9s Szegeden<\/title>\n<meta name=\"robots\" content=\"index, follow, max-snippet:-1, max-image-preview:large, max-video-preview:-1\" \/>\n<link rel=\"canonical\" href=\"https:\/\/solcar.hu\/en\/wishlist-page\/\" \/>\n<meta property=\"og:locale\" content=\"en_US\" \/>\n<meta property=\"og:type\" content=\"article\" \/>\n<meta property=\"og:title\" content=\"Wishlist Page - SolCar - Haszn\u00e1laut\u00f3 keresked\u00e9s Szegeden\" \/>\n<meta property=\"og:url\" content=\"https:\/\/solcar.hu\/en\/wishlist-page\/\" \/>\n<meta property=\"og:site_name\" content=\"SolCar - Haszn\u00e1laut\u00f3 keresked\u00e9s Szegeden\" \/>\n<meta property=\"article:modified_time\" content=\"2021-12-10T12:42:12+00:00\" \/>\n<meta name=\"twitter:card\" content=\"summary_large_image\" \/>\n<script type=\"application\/ld+json\" class=\"yoast-schema-graph\">{\"@context\":\"https:\\\/\\\/schema.org\",\"@graph\":[{\"@type\":\"WebPage\",\"@id\":\"https:\\\/\\\/solcar.hu\\\/de\\\/wishlist-page\\\/\",\"url\":\"https:\\\/\\\/solcar.hu\\\/de\\\/wishlist-page\\\/\",\"name\":\"Wishlist Page - SolCar - Haszn\u00e1laut\u00f3 keresked\u00e9s Szegeden\",\"isPartOf\":{\"@id\":\"https:\\\/\\\/solcar.hu\\\/#website\"},\"datePublished\":\"2020-12-18T05:05:13+00:00\",\"dateModified\":\"2021-12-10T12:42:12+00:00\",\"breadcrumb\":{\"@id\":\"https:\\\/\\\/solcar.hu\\\/de\\\/wishlist-page\\\/#breadcrumb\"},\"inLanguage\":\"en-US\",\"potentialAction\":[{\"@type\":\"ReadAction\",\"target\":[\"https:\\\/\\\/solcar.hu\\\/de\\\/wishlist-page\\\/\"]}]},{\"@type\":\"BreadcrumbList\",\"@id\":\"https:\\\/\\\/solcar.hu\\\/de\\\/wishlist-page\\\/#breadcrumb\",\"itemListElement\":[{\"@type\":\"ListItem\",\"position\":1,\"name\":\"Kezd\u0151lap\",\"item\":\"https:\\\/\\\/solcar.hu\\\/\"},{\"@type\":\"ListItem\",\"position\":2,\"name\":\"Wishlist Page\"}]},{\"@type\":\"WebSite\",\"@id\":\"https:\\\/\\\/solcar.hu\\\/#website\",\"url\":\"https:\\\/\\\/solcar.hu\\\/\",\"name\":\"SolCar - Haszn\u00e1laut\u00f3 keresked\u00e9s Szegeden\",\"description\":\"Pr\u00e9mium aut\u00f3k flottakezel\u00e9se,  elad\u00e1sa \u00e9s b\u00e9rbead\u00e1sa...\",\"publisher\":{\"@id\":\"https:\\\/\\\/solcar.hu\\\/#organization\"},\"potentialAction\":[{\"@type\":\"SearchAction\",\"target\":{\"@type\":\"EntryPoint\",\"urlTemplate\":\"https:\\\/\\\/solcar.hu\\\/?s={search_term_string}\"},\"query-input\":{\"@type\":\"PropertyValueSpecification\",\"valueRequired\":true,\"valueName\":\"search_term_string\"}}],\"inLanguage\":\"en-US\"},{\"@type\":\"Organization\",\"@id\":\"https:\\\/\\\/solcar.hu\\\/#organization\",\"name\":\"SolCar - Haszn\u00e1laut\u00f3 keresked\u00e9s Szegeden\",\"url\":\"https:\\\/\\\/solcar.hu\\\/\",\"logo\":{\"@type\":\"ImageObject\",\"inLanguage\":\"en-US\",\"@id\":\"https:\\\/\\\/solcar.hu\\\/#\\\/schema\\\/logo\\\/image\\\/\",\"url\":\"https:\\\/\\\/solcar.hu\\\/wp-content\\\/uploads\\\/2022\\\/06\\\/cropped-cropped-logo-orange.png\",\"contentUrl\":\"https:\\\/\\\/solcar.hu\\\/wp-content\\\/uploads\\\/2022\\\/06\\\/cropped-cropped-logo-orange.png\",\"width\":112,\"height\":27,\"caption\":\"SolCar - Haszn\u00e1laut\u00f3 keresked\u00e9s Szegeden\"},\"image\":{\"@id\":\"https:\\\/\\\/solcar.hu\\\/#\\\/schema\\\/logo\\\/image\\\/\"}}]}<\/script>\n<!-- \/ Yoast SEO plugin. -->","yoast_head_json":{"title":"Wishlist Page - SolCar - Haszn\u00e1laut\u00f3 keresked\u00e9s Szegeden","robots":{"index":"index","follow":"follow","max-snippet":"max-snippet:-1","max-image-preview":"max-image-preview:large","max-video-preview":"max-video-preview:-1"},"canonical":"https:\/\/solcar.hu\/en\/wishlist-page\/","og_locale":"en_US","og_type":"article","og_title":"Wishlist Page - SolCar - Haszn\u00e1laut\u00f3 keresked\u00e9s Szegeden","og_url":"https:\/\/solcar.hu\/en\/wishlist-page\/","og_site_name":"SolCar - Haszn\u00e1laut\u00f3 keresked\u00e9s Szegeden","article_modified_time":"2021-12-10T12:42:12+00:00","twitter_card":"summary_large_image","schema":{"@context":"https:\/\/schema.org","@graph":[{"@type":"WebPage","@id":"https:\/\/solcar.hu\/de\/wishlist-page\/","url":"https:\/\/solcar.hu\/de\/wishlist-page\/","name":"Wishlist Page - SolCar - Haszn\u00e1laut\u00f3 keresked\u00e9s Szegeden","isPartOf":{"@id":"https:\/\/solcar.hu\/#website"},"datePublished":"2020-12-18T05:05:13+00:00","dateModified":"2021-12-10T12:42:12+00:00","breadcrumb":{"@id":"https:\/\/solcar.hu\/de\/wishlist-page\/#breadcrumb"},"inLanguage":"en-US","potentialAction":[{"@type":"ReadAction","target":["https:\/\/solcar.hu\/de\/wishlist-page\/"]}]},{"@type":"BreadcrumbList","@id":"https:\/\/solcar.hu\/de\/wishlist-page\/#breadcrumb","itemListElement":[{"@type":"ListItem","position":1,"name":"Kezd\u0151lap","item":"https:\/\/solcar.hu\/"},{"@type":"ListItem","position":2,"name":"Wishlist Page"}]},{"@type":"WebSite","@id":"https:\/\/solcar.hu\/#website","url":"https:\/\/solcar.hu\/","name":"SolCar - Haszn\u00e1laut\u00f3 keresked\u00e9s Szegeden","description":"Pr\u00e9mium aut\u00f3k flottakezel\u00e9se,  elad\u00e1sa \u00e9s b\u00e9rbead\u00e1sa...","publisher":{"@id":"https:\/\/solcar.hu\/#organization"},"potentialAction":[{"@type":"SearchAction","target":{"@type":"EntryPoint","urlTemplate":"https:\/\/solcar.hu\/?s={search_term_string}"},"query-input":{"@type":"PropertyValueSpecification","valueRequired":true,"valueName":"search_term_string"}}],"inLanguage":"en-US"},{"@type":"Organization","@id":"https:\/\/solcar.hu\/#organization","name":"SolCar - Haszn\u00e1laut\u00f3 keresked\u00e9s Szegeden","url":"https:\/\/solcar.hu\/","logo":{"@type":"ImageObject","inLanguage":"en-US","@id":"https:\/\/solcar.hu\/#\/schema\/logo\/image\/","url":"https:\/\/solcar.hu\/wp-content\/uploads\/2022\/06\/cropped-cropped-logo-orange.png","contentUrl":"https:\/\/solcar.hu\/wp-content\/uploads\/2022\/06\/cropped-cropped-logo-orange.png","width":112,"height":27,"caption":"SolCar - Haszn\u00e1laut\u00f3 keresked\u00e9s Szegeden"},"image":{"@id":"https:\/\/solcar.hu\/#\/schema\/logo\/image\/"}}]}},"_links":{"self":[{"href":"https:\/\/solcar.hu\/en\/wp-json\/wp\/v2\/pages\/6130","targetHints":{"allow":["GET"]}}],"collection":[{"href":"https:\/\/solcar.hu\/en\/wp-json\/wp\/v2\/pages"}],"about":[{"href":"https:\/\/solcar.hu\/en\/wp-json\/wp\/v2\/types\/page"}],"author":[{"embeddable":true,"href":"https:\/\/solcar.hu\/en\/wp-json\/wp\/v2\/users\/1"}],"replies":[{"embeddable":true,"href":"https:\/\/solcar.hu\/en\/wp-json\/wp\/v2\/comments?post=6130"}],"version-history":[{"count":0,"href":"https:\/\/solcar.hu\/en\/wp-json\/wp\/v2\/pages\/6130\/revisions"}],"wp:attachment":[{"href":"https:\/\/solcar.hu\/en\/wp-json\/wp\/v2\/media?parent=6130"}],"curies":[{"name":"wp","href":"https:\/\/api.w.org\/{rel}","templated":true}]}}